{"id":29,"date":"2026-03-24T18:05:31","date_gmt":"2026-03-24T18:05:31","guid":{"rendered":"https:\/\/veitsweb.ddns.net\/keremma\/deutsch\/"},"modified":"2026-03-27T08:18:44","modified_gmt":"2026-03-27T08:18:44","slug":"deutsch","status":"publish","type":"page","link":"https:\/\/veitsweb.ddns.net\/keremma\/deutsch\/","title":{"rendered":"Deutsch"},"content":{"rendered":"<style>.lb{display:none;position:fixed;top:0;left:0;width:100%;height:100%;background:rgba(0,0,0,.88);z-index:9999;align-items:center;justify-content:center;cursor:zoom-out}.lb:target{display:flex}.lb a{display:flex;align-items:center;justify-content:center;width:100%;height:100%}.lb img{max-width:90vw;max-height:90vh;object-fit:contain;box-shadow:0 0 60px rgba(0,0,0,.6)}.comment-form-url,#url{display:none!important}<\/style>\n<style>\nbody {\n  background-image: url(https:\/\/veitsweb.ddns.net\/wp-content\/uploads\/sites\/2\/2026\/03\/Background1-scaled-2.jpg);\n  background-size: cover;\n  background-attachment: fixed;\n  background-position: center top;\n  background-repeat: no-repeat;\n}\n<\/style>\n<h2>Urlaub in der Bretagne<\/h2>\n<h3>\u00dcber uns<\/h3>\n<p>Wir sind Anna und Veit und vermieten unser Haus, welches wir aufgrund famili\u00e4rer Bindung in der Region angeschafft haben. Unser Haus befindet sich 3,5 km vom Meer entfernt, hinter der D\u00fcne von Keremma in Tr\u00e9flez im Norden des Finist\u00e8re. Sehr hell und funktionell eingerichtet eignet sich unser Haus ideal f\u00fcr Familienurlaube, f\u00fcr Paare und Urlaube zusammen mit Freunden. In der perfekten Region f\u00fcr Strand, Wassersport und Wandern. Viele interessante Sehensw\u00fcrdigkeiten in der N\u00e4he.<\/p>\n<h3>Die Gegend<\/h3>\n<p>Der Norden des Finist\u00e8re ist ein wahres Naturschauspiel. Von felsigen Steilk\u00fcsten bis weiten Naturstr\u00e4nden bietet die K\u00fcste des Finist\u00e8re alles von Wandern \u00fcber Sightseeing bis hin zum Wassersport.<\/p>\n<figure style=\"display:grid;grid-template-columns:repeat(3,1fr);gap:1.5em;align-items:start;margin:1.5em 0;\">\n<figure>\n<p><a href=\"#lb-1\"><img decoding=\"async\" src=\"https:\/\/veitsweb.ddns.net\/wp-content\/uploads\/sites\/2\/2026\/03\/IMG-20230819-WA0002-768x1024-22.jpg\" alt=\"\" style=\"max-width:100%;height:auto;display:block;cursor:zoom-in;\"><\/a><\/p>\n<div id=\"lb-1\" class=\"lb\"><a href=\"#_\"><img decoding=\"async\" src=\"https:\/\/veitsweb.ddns.net\/wp-content\/uploads\/sites\/2\/2026\/03\/IMG-20230819-WA0002-768x1024-22.jpg\" alt=\"\"><\/a><\/div><figcaption>\n<p>Boote im Hafen<\/p>\n<\/figcaption><\/figure>\n<figure>\n<p><a href=\"#lb-2\"><img decoding=\"async\" src=\"https:\/\/veitsweb.ddns.net\/wp-content\/uploads\/sites\/2\/2026\/03\/IMG-20230819-WA0003-768x1024-22.jpg\" alt=\"\" style=\"max-width:100%;height:auto;display:block;cursor:zoom-in;\"><\/a><\/p>\n<div id=\"lb-2\" class=\"lb\"><a href=\"#_\"><img decoding=\"async\" src=\"https:\/\/veitsweb.ddns.net\/wp-content\/uploads\/sites\/2\/2026\/03\/IMG-20230819-WA0003-768x1024-22.jpg\" alt=\"\"><\/a><\/div><figcaption>\n<p>Strandsegeln<\/p>\n<\/figcaption><\/figure>\n<figure>\n<p><a href=\"#lb-3\"><img decoding=\"async\" src=\"https:\/\/veitsweb.ddns.net\/wp-content\/uploads\/sites\/2\/2026\/03\/IMG_0283-1-932x1024-22.jpg\" alt=\"\" style=\"max-width:100%;height:auto;display:block;cursor:zoom-in;\"><\/a><\/p>\n<div id=\"lb-3\" class=\"lb\"><a href=\"#_\"><img decoding=\"async\" src=\"https:\/\/veitsweb.ddns.net\/wp-content\/uploads\/sites\/2\/2026\/03\/IMG_0283-1-932x1024-22.jpg\" alt=\"\"><\/a><\/div><figcaption>\n<p>Leuchtturm der Ile Vierge<\/p>\n<\/figcaption><\/figure>\n<figure>\n<p><a href=\"#lb-4\"><img decoding=\"async\" src=\"https:\/\/veitsweb.ddns.net\/wp-content\/uploads\/sites\/2\/2026\/03\/IMG_20230518_154711-1-1024x473-22.jpg\" alt=\"\" style=\"max-width:100%;height:auto;display:block;cursor:zoom-in;\"><\/a><\/p>\n<div id=\"lb-4\" class=\"lb\"><a href=\"#_\"><img decoding=\"async\" src=\"https:\/\/veitsweb.ddns.net\/wp-content\/uploads\/sites\/2\/2026\/03\/IMG_20230518_154711-1-1024x473-22.jpg\" alt=\"\"><\/a><\/div><figcaption>\n<p>Wilde Str\u00e4nde<\/p>\n<\/figcaption><\/figure>\n<figure>\n<p><a href=\"#lb-5\"><img decoding=\"async\" src=\"https:\/\/veitsweb.ddns.net\/wp-content\/uploads\/sites\/2\/2026\/03\/IMG_20230518_154432-1-22-scaled.jpg\" alt=\"\" style=\"max-width:100%;height:auto;display:block;cursor:zoom-in;\"><\/a><\/p>\n<div id=\"lb-5\" class=\"lb\"><a href=\"#_\"><img decoding=\"async\" src=\"https:\/\/veitsweb.ddns.net\/wp-content\/uploads\/sites\/2\/2026\/03\/IMG_20230518_154432-1-22-scaled.jpg\" alt=\"\"><\/a><\/div><figcaption>\n<p>Wilde K\u00fcste von Kerlouan<\/p>\n<\/figcaption><\/figure>\n<figure>\n<p><a href=\"#lb-6\"><img decoding=\"async\" src=\"https:\/\/veitsweb.ddns.net\/wp-content\/uploads\/sites\/2\/2026\/03\/IMG_20230518_154456-1-1024x473-22.jpg\" alt=\"\" style=\"max-width:100%;height:auto;display:block;cursor:zoom-in;\"><\/a><\/p>\n<div id=\"lb-6\" class=\"lb\"><a href=\"#_\"><img decoding=\"async\" src=\"https:\/\/veitsweb.ddns.net\/wp-content\/uploads\/sites\/2\/2026\/03\/IMG_20230518_154456-1-1024x473-22.jpg\" alt=\"\"><\/a><\/div><figcaption>\n<p>D\u00fcnen von Keremma<\/p>\n<\/figcaption><\/figure>\n<figure>\n<p><a href=\"#lb-7\"><img decoding=\"async\" src=\"https:\/\/veitsweb.ddns.net\/wp-content\/uploads\/sites\/2\/2026\/03\/IMG-20230819-WA0000-1024x768-22.jpg\" alt=\"\" style=\"max-width:100%;height:auto;display:block;cursor:zoom-in;\"><\/a><\/p>\n<div id=\"lb-7\" class=\"lb\"><a href=\"#_\"><img decoding=\"async\" src=\"https:\/\/veitsweb.ddns.net\/wp-content\/uploads\/sites\/2\/2026\/03\/IMG-20230819-WA0000-1024x768-22.jpg\" alt=\"\"><\/a><\/div><figcaption>\n<p>Kirche von Tr\u00e9flez<\/p>\n<\/figcaption><\/figure>\n<figure>\n<p><a href=\"#lb-8\"><img decoding=\"async\" src=\"https:\/\/veitsweb.ddns.net\/wp-content\/uploads\/sites\/2\/2026\/03\/IMG_20230403_170126-1-1024x473-22.jpg\" alt=\"\" style=\"max-width:100%;height:auto;display:block;cursor:zoom-in;\"><\/a><\/p>\n<div id=\"lb-8\" class=\"lb\"><a href=\"#_\"><img decoding=\"async\" src=\"https:\/\/veitsweb.ddns.net\/wp-content\/uploads\/sites\/2\/2026\/03\/IMG_20230403_170126-1-1024x473-22.jpg\" alt=\"\"><\/a><\/div><figcaption>\n<p>M\u00e9nez Ham<\/p>\n<\/figcaption><\/figure>\n<figure>\n<p><a href=\"#lb-9\"><img decoding=\"async\" src=\"https:\/\/veitsweb.ddns.net\/wp-content\/uploads\/sites\/2\/2026\/03\/IMG-20230819-WA0004-1024x768-22.jpg\" alt=\"\" style=\"max-width:100%;height:auto;display:block;cursor:zoom-in;\"><\/a><\/p>\n<div id=\"lb-9\" class=\"lb\"><a href=\"#_\"><img decoding=\"async\" src=\"https:\/\/veitsweb.ddns.net\/wp-content\/uploads\/sites\/2\/2026\/03\/IMG-20230819-WA0004-1024x768-22.jpg\" alt=\"\"><\/a><\/div><figcaption>\n<p>Sonnenuntergang Keremma<\/p>\n<\/figcaption><\/figure>\n<\/figure>\n<h3>Das Haus<\/h3>\n<p>Das Haus ist f\u00fcr bis zu 7 Personen geeignet mit einer Wohnfl\u00e4che von 95m\u00b2 auf 2 Etagen (5 Personen optimal und zwei zus\u00e4tzliche G\u00e4ste mit Bett im Wohnzimmer).<\/p>\n<figure style=\"display:grid;grid-template-columns:repeat(3,1fr);gap:1.5em;align-items:start;margin:1.5em 0;\">\n<figure>\n<p><a href=\"#lb-10\"><img decoding=\"async\" src=\"https:\/\/veitsweb.ddns.net\/wp-content\/uploads\/sites\/2\/2026\/03\/IMG_20230409_120744-1-1024x473-22.jpg\" alt=\"\" style=\"max-width:100%;height:auto;display:block;cursor:zoom-in;\"><\/a><\/p>\n<div id=\"lb-10\" class=\"lb\"><a href=\"#_\"><img decoding=\"async\" src=\"https:\/\/veitsweb.ddns.net\/wp-content\/uploads\/sites\/2\/2026\/03\/IMG_20230409_120744-1-1024x473-22.jpg\" alt=\"\"><\/a><\/div><figcaption>\n<p>Frontansicht<\/p>\n<\/figcaption><\/figure>\n<figure>\n<p><a href=\"#lb-11\"><img decoding=\"async\" src=\"https:\/\/veitsweb.ddns.net\/wp-content\/uploads\/sites\/2\/2026\/03\/IMG_20230517_175535-1-1024x473-23.jpg\" alt=\"\" style=\"max-width:100%;height:auto;display:block;cursor:zoom-in;\"><\/a><\/p>\n<div id=\"lb-11\" class=\"lb\"><a href=\"#_\"><img decoding=\"async\" src=\"https:\/\/veitsweb.ddns.net\/wp-content\/uploads\/sites\/2\/2026\/03\/IMG_20230517_175535-1-1024x473-23.jpg\" alt=\"\"><\/a><\/div><figcaption>\n<p>Gartenm\u00f6bel<\/p>\n<\/figcaption><\/figure>\n<figure>\n<p><a href=\"#lb-12\"><img decoding=\"async\" src=\"https:\/\/veitsweb.ddns.net\/wp-content\/uploads\/sites\/2\/2026\/03\/IMG_20230409_120815-1-1024x473-22.jpg\" alt=\"\" style=\"max-width:100%;height:auto;display:block;cursor:zoom-in;\"><\/a><\/p>\n<div id=\"lb-12\" class=\"lb\"><a href=\"#_\"><img decoding=\"async\" src=\"https:\/\/veitsweb.ddns.net\/wp-content\/uploads\/sites\/2\/2026\/03\/IMG_20230409_120815-1-1024x473-22.jpg\" alt=\"\"><\/a><\/div><figcaption>\n<p>Garten hinter dem Haus<\/p>\n<\/figcaption><\/figure>\n<\/figure>\n<p>Erdgeschoss:<\/p>\n<ul>\n<li>\n<p>Helles Wohnzimmer mit drei gro\u00dfen und hellen Fenstern, 2 Couches (eine davon als 2-Platz-Bett ausziehbar), einem kleinen Sessel und Salontisch, einem Arbeitstisch und einem gro\u00dfen Esstisch mit 6 St\u00fchlen (erweiterbar auf 8 bis 10 Pl\u00e4tze &#8211; Verl\u00e4ngerung und zus\u00e4tzliche St\u00fchle in der Garage). Internet \/ Wifi verf\u00fcgbar; Computer mit Bildschirm f\u00fcr Streaming von Filmen (kein klassischer Fernseher) verf\u00fcgbar.<\/p>\n<\/li>\n<li>\n<p>Offene K\u00fcche mit vollst\u00e4ndiger Ausstattung (Gasherd mit Timer, Elektro-Backofen, Mikrowelle, K\u00fchlschrank mit drei Gefrierf\u00e4chern, Sp\u00fclmaschine, Dampfgarer, Stabmixer, Handmixer, elektrische Kaffeemaschine, Espresso-Kanne, etc.)<\/p>\n<\/li>\n<li>\n<p>G\u00e4ste-WC im Eingangsbereich<\/p>\n<\/li>\n<\/ul>\n<figure style=\"display:grid;grid-template-columns:repeat(3,1fr);gap:1.5em;align-items:start;margin:1.5em 0;\">\n<figure>\n<p><a href=\"#lb-13\"><img decoding=\"async\" src=\"https:\/\/veitsweb.ddns.net\/wp-content\/uploads\/sites\/2\/2026\/03\/IMG_20230518_114834-1-1024x473-22.jpg\" alt=\"\" style=\"max-width:100%;height:auto;display:block;cursor:zoom-in;\"><\/a><\/p>\n<div id=\"lb-13\" class=\"lb\"><a href=\"#_\"><img decoding=\"async\" src=\"https:\/\/veitsweb.ddns.net\/wp-content\/uploads\/sites\/2\/2026\/03\/IMG_20230518_114834-1-1024x473-22.jpg\" alt=\"\"><\/a><\/div><figcaption>\n<p>Essbereich<\/p>\n<\/figcaption><\/figure>\n<figure>\n<p><a href=\"#lb-14\"><img decoding=\"async\" src=\"https:\/\/veitsweb.ddns.net\/wp-content\/uploads\/sites\/2\/2026\/03\/IMG_20230518_101707-1-1024x473-22.jpg\" alt=\"\" style=\"max-width:100%;height:auto;display:block;cursor:zoom-in;\"><\/a><\/p>\n<div id=\"lb-14\" class=\"lb\"><a href=\"#_\"><img decoding=\"async\" src=\"https:\/\/veitsweb.ddns.net\/wp-content\/uploads\/sites\/2\/2026\/03\/IMG_20230518_101707-1-1024x473-22.jpg\" alt=\"\"><\/a><\/div><figcaption>\n<p>voll ausgestattete K\u00fcche<\/p>\n<\/figcaption><\/figure>\n<figure>\n<p><a href=\"#lb-15\"><img decoding=\"async\" src=\"https:\/\/veitsweb.ddns.net\/wp-content\/uploads\/sites\/2\/2026\/03\/IMG_20230518_101647-1-1024x473-22.jpg\" alt=\"\" style=\"max-width:100%;height:auto;display:block;cursor:zoom-in;\"><\/a><\/p>\n<div id=\"lb-15\" class=\"lb\"><a href=\"#_\"><img decoding=\"async\" src=\"https:\/\/veitsweb.ddns.net\/wp-content\/uploads\/sites\/2\/2026\/03\/IMG_20230518_101647-1-1024x473-22.jpg\" alt=\"\"><\/a><\/div><figcaption>\n<p>Essbereich<\/p>\n<\/figcaption><\/figure>\n<figure>\n<p><a href=\"#lb-16\"><img decoding=\"async\" src=\"https:\/\/veitsweb.ddns.net\/wp-content\/uploads\/sites\/2\/2026\/03\/IMG_20230518_101659-1-1024x473-22.jpg\" alt=\"\" style=\"max-width:100%;height:auto;display:block;cursor:zoom-in;\"><\/a><\/p>\n<div id=\"lb-16\" class=\"lb\"><a href=\"#_\"><img decoding=\"async\" src=\"https:\/\/veitsweb.ddns.net\/wp-content\/uploads\/sites\/2\/2026\/03\/IMG_20230518_101659-1-1024x473-22.jpg\" alt=\"\"><\/a><\/div><figcaption>\n<p>K\u00fcche<\/p>\n<\/figcaption><\/figure>\n<figure>\n<p><a href=\"#lb-17\"><img decoding=\"async\" src=\"https:\/\/veitsweb.ddns.net\/wp-content\/uploads\/sites\/2\/2026\/03\/IMG_20230517_184434-1-1024x473-22.jpg\" alt=\"\" style=\"max-width:100%;height:auto;display:block;cursor:zoom-in;\"><\/a><\/p>\n<div id=\"lb-17\" class=\"lb\"><a href=\"#_\"><img decoding=\"async\" src=\"https:\/\/veitsweb.ddns.net\/wp-content\/uploads\/sites\/2\/2026\/03\/IMG_20230517_184434-1-1024x473-22.jpg\" alt=\"\"><\/a><\/div><figcaption>\n<p>Arbeitsplatz<\/p>\n<\/figcaption><\/figure>\n<figure>\n<p><a href=\"#lb-18\"><img decoding=\"async\" src=\"https:\/\/veitsweb.ddns.net\/wp-content\/uploads\/sites\/2\/2026\/03\/IMG_20230517_184427-1-1024x473-22.jpg\" alt=\"\" style=\"max-width:100%;height:auto;display:block;cursor:zoom-in;\"><\/a><\/p>\n<div id=\"lb-18\" class=\"lb\"><a href=\"#_\"><img decoding=\"async\" src=\"https:\/\/veitsweb.ddns.net\/wp-content\/uploads\/sites\/2\/2026\/03\/IMG_20230517_184427-1-1024x473-22.jpg\" alt=\"\"><\/a><\/div><figcaption>\n<p>Wohnbereich<\/p>\n<\/figcaption><\/figure>\n<\/figure>\n<p>Etage:<\/p>\n<ul>\n<li>\n<p>Ein Schlafzimmer mit gro\u00dfem Doppelbett (1,80m x 2m) Schrank und Penderie<\/p>\n<\/li>\n<li>\n<p>Ein Schlafzimmer mit zwei Einzelbetten Kommode und Penderie<\/p>\n<\/li>\n<li>\n<p>Ein B\u00fcro \/ 3. Schlafzimmer mit einem Bett und einem weiteren Einbauschrank f\u00fcr Bettw\u00e4sche und Handt\u00fccher (sind vorhanden).<\/p>\n<\/li>\n<li>\n<p>Ein Bad mit einer Badewanne, Duschplatz, 2. WC und Waschplatz<\/p>\n<\/li>\n<\/ul>\n<figure style=\"display:grid;grid-template-columns:repeat(3,1fr);gap:1.5em;align-items:start;margin:1.5em 0;\">\n<figure>\n<p><a href=\"#lb-19\"><img decoding=\"async\" src=\"https:\/\/veitsweb.ddns.net\/wp-content\/uploads\/sites\/2\/2026\/03\/IMG_20230518_102420-1-1024x473-22.jpg\" alt=\"\" style=\"max-width:100%;height:auto;display:block;cursor:zoom-in;\"><\/a><\/p>\n<div id=\"lb-19\" class=\"lb\"><a href=\"#_\"><img decoding=\"async\" src=\"https:\/\/veitsweb.ddns.net\/wp-content\/uploads\/sites\/2\/2026\/03\/IMG_20230518_102420-1-1024x473-22.jpg\" alt=\"\"><\/a><\/div><figcaption>\n<p>Zimmer 1 Doppelbett<\/p>\n<\/figcaption><\/figure>\n<figure>\n<p><a href=\"#lb-20\"><img decoding=\"async\" src=\"https:\/\/veitsweb.ddns.net\/wp-content\/uploads\/sites\/2\/2026\/03\/IMG_20230518_102408-1-1024x473-22.jpg\" alt=\"\" style=\"max-width:100%;height:auto;display:block;cursor:zoom-in;\"><\/a><\/p>\n<div id=\"lb-20\" class=\"lb\"><a href=\"#_\"><img decoding=\"async\" src=\"https:\/\/veitsweb.ddns.net\/wp-content\/uploads\/sites\/2\/2026\/03\/IMG_20230518_102408-1-1024x473-22.jpg\" alt=\"\"><\/a><\/div><figcaption>\n<p>Zimmer 2 Einzelbetten<\/p>\n<\/figcaption><\/figure>\n<figure>\n<p><a href=\"#lb-21\"><img decoding=\"async\" src=\"https:\/\/veitsweb.ddns.net\/wp-content\/uploads\/sites\/2\/2026\/03\/IMG_20230518_082820-1-1024x473-22.jpg\" alt=\"\" style=\"max-width:100%;height:auto;display:block;cursor:zoom-in;\"><\/a><\/p>\n<div id=\"lb-21\" class=\"lb\"><a href=\"#_\"><img decoding=\"async\" src=\"https:\/\/veitsweb.ddns.net\/wp-content\/uploads\/sites\/2\/2026\/03\/IMG_20230518_082820-1-1024x473-22.jpg\" alt=\"\"><\/a><\/div><figcaption>\n<p>Zimmer 3 Einzelbett und B\u00fcro<\/p>\n<\/figcaption><\/figure>\n<figure>\n<p><a href=\"#lb-22\"><img decoding=\"async\" src=\"https:\/\/veitsweb.ddns.net\/wp-content\/uploads\/sites\/2\/2026\/03\/IMG_20230518_082903-1-1024x473-22.jpg\" alt=\"\" style=\"max-width:100%;height:auto;display:block;cursor:zoom-in;\"><\/a><\/p>\n<div id=\"lb-22\" class=\"lb\"><a href=\"#_\"><img decoding=\"async\" src=\"https:\/\/veitsweb.ddns.net\/wp-content\/uploads\/sites\/2\/2026\/03\/IMG_20230518_082903-1-1024x473-22.jpg\" alt=\"\"><\/a><\/div><figcaption>\n<p>Bad, WC, Waschbecken, Dusche<\/p>\n<\/figcaption><\/figure>\n<\/figure>\n<p>Im Anbau\/Garage befinden sich:<\/p>\n<ul>\n<li>\n<p>Waschmaschine inklusive Trockner<\/p>\n<\/li>\n<li>\n<p>Eine Gartenm\u00f6bel-Ausstattung (1 Tisch, 6 St\u00fc\u1e27le, Sonnenschirm)<\/p>\n<\/li>\n<li>\n<p>2 Moon-Chairs \/ Campingsessel<\/p>\n<\/li>\n<li>\n<p>Ein Gasgrill<\/p>\n<\/li>\n<li>\n<p>Ein 26&#8221; Fahrrad<\/p>\n<\/li>\n<li>\n<p>3 Bodyboards\/Moraybretter (Bodyboards ) und mehre Neopren f\u00fcr Kinder (Strandt\u00fccher bitte selbst mitbringen)<\/p>\n<\/li>\n<\/ul>\n<p>Auf dem Gel\u00e4nde ist Platz, um bis zu 5 PKW zu parken. Das Grundst\u00fcck von ca. 900m\u00b2 besteht daneben haupts\u00e4chlich aus Grasfl\u00e4che. Das Grundst\u00fcck ist von einer Mauer und zwei Hecken umgeben, die aber von Kleinkindern oder Haustieren durchaus durchquert werden k\u00f6nnen.<\/p>\n<p>Frischmilch gibt es bei der Farm des Nachbarn.<\/p>\n<h3>Der Ort<\/h3>\n<p>Das Haus befindet sich in der Ortschaft Tr\u00e9flez.<\/p>\n<p><a href=\"https:\/\/www.google.de\/maps\/place\/Ferienhaus+Goulannou\/@48.6262559,-4.2624737,19z\/data=!3m1!4b1!4m6!3m5!1s0x4816abab57fcbc25:0xbb2969ffa7c233a6!8m2!3d48.626255!4d-4.26183!16s%2Fg%2F11svdf_f_w?entry=ttu\">Google Maps<\/a><\/p>\n<h3>Kontakt aufnehmen<\/h3>\n<p>Zur Buchung des Ferienhauses und bei Fragen, nehmt bitte gern mit uns Kontakt auf.<\/p>\n<p>Gern stehen wir euch f\u00fcr Fragen in Franz\u00f6sisch, Deutsch, Englisch oder Spanisch vor und w\u00e4hrend des Aufenthaltes zur Verf\u00fcgung. Zudem stellen wir eine Anleitung (FR und DE) zur Verf\u00fcgung, um die grundlegenden Ger\u00e4te im Haus zu bedienen.<\/p>\n<form action=\"https:\/\/veitsweb.ddns.net\/keremma\/wp-comments-post.php\" method=\"post\" style=\"max-width:480px;margin:1.5em 0;\">\n<input type=\"hidden\" name=\"redirect_to\" value=\"https:\/\/veitsweb.ddns.net\/keremma\/deutsch\/\"><br \/>\n<input type=\"hidden\" name=\"comment_post_ID\" value=\"29\"><br \/>\n<input type=\"hidden\" name=\"comment_parent\" value=\"0\"><\/p>\n<p style=\"margin:0 0 1em;\">\n<label for=\"cf-author\" style=\"display:block;font-weight:600;margin-bottom:.3em;\">Name *<\/label><br \/>\n<input type=\"text\" id=\"cf-author\" name=\"author\" required style=\"width:100%;padding:.5em .7em;border:1px solid #ccc;border-radius:4px;box-sizing:border-box;font-size:1em;\">\n<\/p>\n<p style=\"margin:0 0 1em;\">\n<label for=\"cf-email\" style=\"display:block;font-weight:600;margin-bottom:.3em;\">E-Mail *<\/label><br \/>\n<input type=\"email\" id=\"cf-email\" name=\"email\" required style=\"width:100%;padding:.5em .7em;border:1px solid #ccc;border-radius:4px;box-sizing:border-box;font-size:1em;\">\n<\/p>\n<p style=\"margin:0 0 1.2em;\">\n<label for=\"cf-comment\" style=\"display:block;font-weight:600;margin-bottom:.3em;\">Nachricht *<\/label><br \/>\n<textarea id=\"cf-comment\" name=\"comment\" rows=\"6\" required style=\"width:100%;padding:.5em .7em;border:1px solid #ccc;border-radius:4px;box-sizing:border-box;font-size:1em;resize:vertical;\"><\/textarea>\n<\/p>\n<p style=\"margin:0;\">\n<button type=\"submit\" name=\"submit\" value=\"Absenden\" style=\"background:#0073aa;color:#fff;border:none;padding:.6em 1.8em;border-radius:4px;cursor:pointer;font-size:1em;\">Absenden<\/button>\n<\/p>\n<\/form>\n<p><a href=\"https:\/\/www.homeexchange.com\/homes\/view\/2667770\">Auch buchbar auf HomeExchange bzw. einsehbarer Verf\u00fcgbarkeitskalender.<\/a><\/p>\n<h2>Wir w\u00fcrden uns sehr freuen, Sie bei uns als Gast zu empfangen.<\/h2>\n","protected":false},"excerpt":{"rendered":"<p>Urlaub in der Bretagne \u00dcber uns Wir sind Anna und Veit und vermieten unser Haus, welches wir aufgrund famili\u00e4rer Bindung in der Region angeschafft haben. Unser Haus befindet sich 3,5 km vom Meer entfernt, hinter der D\u00fcne von Keremma in Tr\u00e9flez im Norden des Finist\u00e8re. Sehr hell und funktionell eingerichtet eignet sich unser Haus ideal [&hellip;]<\/p>\n","protected":false},"author":1,"featured_media":0,"parent":0,"menu_order":2,"comment_status":"open","ping_status":"closed","template":"","meta":{"footnotes":""},"class_list":["post-29","page","type-page","status-publish","hentry"],"_links":{"self":[{"href":"https:\/\/veitsweb.ddns.net\/keremma\/wp-json\/wp\/v2\/pages\/29","targetHints":{"allow":["GET"]}}],"collection":[{"href":"https:\/\/veitsweb.ddns.net\/keremma\/wp-json\/wp\/v2\/pages"}],"about":[{"href":"https:\/\/veitsweb.ddns.net\/keremma\/wp-json\/wp\/v2\/types\/page"}],"author":[{"embeddable":true,"href":"https:\/\/veitsweb.ddns.net\/keremma\/wp-json\/wp\/v2\/users\/1"}],"replies":[{"embeddable":true,"href":"https:\/\/veitsweb.ddns.net\/keremma\/wp-json\/wp\/v2\/comments?post=29"}],"version-history":[{"count":21,"href":"https:\/\/veitsweb.ddns.net\/keremma\/wp-json\/wp\/v2\/pages\/29\/revisions"}],"predecessor-version":[{"id":582,"href":"https:\/\/veitsweb.ddns.net\/keremma\/wp-json\/wp\/v2\/pages\/29\/revisions\/582"}],"wp:attachment":[{"href":"https:\/\/veitsweb.ddns.net\/keremma\/wp-json\/wp\/v2\/media?parent=29"}],"curies":[{"name":"wp","href":"https:\/\/api.w.org\/{rel}","templated":true}]}}