{"id":53,"date":"2026-03-24T18:05:39","date_gmt":"2026-03-24T18:05:39","guid":{"rendered":"https:\/\/veitsweb.ddns.net\/keremma\/fr\/"},"modified":"2026-03-27T08:18:45","modified_gmt":"2026-03-27T08:18:45","slug":"fr","status":"publish","type":"page","link":"https:\/\/veitsweb.ddns.net\/keremma\/fr\/","title":{"rendered":"Fran\u00e7ais"},"content":{"rendered":"<style>.lb{display:none;position:fixed;top:0;left:0;width:100%;height:100%;background:rgba(0,0,0,.88);z-index:9999;align-items:center;justify-content:center;cursor:zoom-out}.lb:target{display:flex}.lb a{display:flex;align-items:center;justify-content:center;width:100%;height:100%}.lb img{max-width:90vw;max-height:90vh;object-fit:contain;box-shadow:0 0 60px rgba(0,0,0,.6)}.comment-form-url,#url{display:none!important}<\/style>\n<style>\nbody {\n  background-image: url(https:\/\/veitsweb.ddns.net\/wp-content\/uploads\/sites\/2\/2026\/03\/Background1-scaled-3.jpg);\n  background-size: cover;\n  background-attachment: fixed;\n  background-position: center top;\n  background-repeat: no-repeat;\n}\n<\/style>\n<h2>Vacances en Bretagne<\/h2>\n<h3>Notre maison<\/h3>\n<p>Notre maison se trouve \u00e0 seulement 3,5km de la mer, derri\u00e8re les dunes de Keremma, \u00e0 Tr\u00e9flez (Finist\u00e8re Nord). Nous l&#8217;avons achet\u00e9e r\u00e9cemment afin d&#8217;avoir un pied-\u00e0-terre pr\u00e8s de la branche bretonne de notre famille. Lumineuse et fonctionnelle, elle est parfaite pour des vacances en famille, en couple ou entre amis. Elle est aussi id\u00e9alement situ\u00e9e pour d\u00e9couvrir la r\u00e9gion et son splendide littoral, que l&#8217;on soit amateur de plages, de sports nautiques ou de randonn\u00e9es.<\/p>\n<h3>La r\u00e9gion<\/h3>\n<p>Cette r\u00e9gion du Finist\u00e8re Nord est un vrai bijou de la nature. Avec ses cotes rocheuses et ses nombreuses plages de sable fin, elle r\u00e9gion offre tout pour des vacances de randonn\u00e9e, des visites des attractions touristiques et du sport nautique.<\/p>\n<figure style=\"display:grid;grid-template-columns:repeat(3,1fr);gap:1.5em;align-items:start;margin:1.5em 0;\">\n<figure>\n<p><a href=\"#lb-1\"><img decoding=\"async\" src=\"https:\/\/veitsweb.ddns.net\/wp-content\/uploads\/sites\/2\/2026\/03\/IMG-20230819-WA0002-768x1024-22.jpg\" alt=\"\" style=\"max-width:100%;height:auto;display:block;cursor:zoom-in;\"><\/a><\/p>\n<div id=\"lb-1\" class=\"lb\"><a href=\"#_\"><img decoding=\"async\" src=\"https:\/\/veitsweb.ddns.net\/wp-content\/uploads\/sites\/2\/2026\/03\/IMG-20230819-WA0002-768x1024-22.jpg\" alt=\"\"><\/a><\/div><figcaption>\n<p>Bateaux au port<\/p>\n<\/figcaption><\/figure>\n<figure>\n<p><a href=\"#lb-2\"><img decoding=\"async\" src=\"https:\/\/veitsweb.ddns.net\/wp-content\/uploads\/sites\/2\/2026\/03\/IMG-20230819-WA0003-768x1024-22.jpg\" alt=\"\" style=\"max-width:100%;height:auto;display:block;cursor:zoom-in;\"><\/a><\/p>\n<div id=\"lb-2\" class=\"lb\"><a href=\"#_\"><img decoding=\"async\" src=\"https:\/\/veitsweb.ddns.net\/wp-content\/uploads\/sites\/2\/2026\/03\/IMG-20230819-WA0003-768x1024-22.jpg\" alt=\"\"><\/a><\/div><figcaption>\n<p>Chars \u00e0 voil<\/p>\n<\/figcaption><\/figure>\n<figure>\n<p><a href=\"#lb-3\"><img decoding=\"async\" src=\"https:\/\/veitsweb.ddns.net\/wp-content\/uploads\/sites\/2\/2026\/03\/IMG_0283-1-932x1024-22.jpg\" alt=\"\" style=\"max-width:100%;height:auto;display:block;cursor:zoom-in;\"><\/a><\/p>\n<div id=\"lb-3\" class=\"lb\"><a href=\"#_\"><img decoding=\"async\" src=\"https:\/\/veitsweb.ddns.net\/wp-content\/uploads\/sites\/2\/2026\/03\/IMG_0283-1-932x1024-22.jpg\" alt=\"\"><\/a><\/div><figcaption>\n<p>Phare de l&#8217;ile Vierge<\/p>\n<\/figcaption><\/figure>\n<figure>\n<p><a href=\"#lb-4\"><img decoding=\"async\" src=\"https:\/\/veitsweb.ddns.net\/wp-content\/uploads\/sites\/2\/2026\/03\/IMG_20230518_154711-1-1024x473-22.jpg\" alt=\"\" style=\"max-width:100%;height:auto;display:block;cursor:zoom-in;\"><\/a><\/p>\n<div id=\"lb-4\" class=\"lb\"><a href=\"#_\"><img decoding=\"async\" src=\"https:\/\/veitsweb.ddns.net\/wp-content\/uploads\/sites\/2\/2026\/03\/IMG_20230518_154711-1-1024x473-22.jpg\" alt=\"\"><\/a><\/div><figcaption>\n<p>Plages sauvages<\/p>\n<\/figcaption><\/figure>\n<figure>\n<p><a href=\"#lb-5\"><img decoding=\"async\" src=\"https:\/\/veitsweb.ddns.net\/wp-content\/uploads\/sites\/2\/2026\/03\/IMG_20230518_154432-1-21-scaled.jpg\" alt=\"\" style=\"max-width:100%;height:auto;display:block;cursor:zoom-in;\"><\/a><\/p>\n<div id=\"lb-5\" class=\"lb\"><a href=\"#_\"><img decoding=\"async\" src=\"https:\/\/veitsweb.ddns.net\/wp-content\/uploads\/sites\/2\/2026\/03\/IMG_20230518_154432-1-21-scaled.jpg\" alt=\"\"><\/a><\/div><figcaption>\n<p>C\u00f4tes sauvages de Kerlouan<\/p>\n<\/figcaption><\/figure>\n<figure>\n<p><a href=\"#lb-6\"><img decoding=\"async\" src=\"https:\/\/veitsweb.ddns.net\/wp-content\/uploads\/sites\/2\/2026\/03\/IMG_20230518_154456-1-1024x473-22.jpg\" alt=\"\" style=\"max-width:100%;height:auto;display:block;cursor:zoom-in;\"><\/a><\/p>\n<div id=\"lb-6\" class=\"lb\"><a href=\"#_\"><img decoding=\"async\" src=\"https:\/\/veitsweb.ddns.net\/wp-content\/uploads\/sites\/2\/2026\/03\/IMG_20230518_154456-1-1024x473-22.jpg\" alt=\"\"><\/a><\/div><figcaption>\n<p>Dunes de Keremma<\/p>\n<\/figcaption><\/figure>\n<figure>\n<p><a href=\"#lb-7\"><img decoding=\"async\" src=\"https:\/\/veitsweb.ddns.net\/wp-content\/uploads\/sites\/2\/2026\/03\/IMG-20230819-WA0000-1024x768-22.jpg\" alt=\"\" style=\"max-width:100%;height:auto;display:block;cursor:zoom-in;\"><\/a><\/p>\n<div id=\"lb-7\" class=\"lb\"><a href=\"#_\"><img decoding=\"async\" src=\"https:\/\/veitsweb.ddns.net\/wp-content\/uploads\/sites\/2\/2026\/03\/IMG-20230819-WA0000-1024x768-22.jpg\" alt=\"\"><\/a><\/div><figcaption>\n<p>Eglise de Tr\u00e9flez<\/p>\n<\/figcaption><\/figure>\n<figure>\n<p><a href=\"#lb-8\"><img decoding=\"async\" src=\"https:\/\/veitsweb.ddns.net\/wp-content\/uploads\/sites\/2\/2026\/03\/IMG_20230403_170126-1-1024x473-22.jpg\" alt=\"\" style=\"max-width:100%;height:auto;display:block;cursor:zoom-in;\"><\/a><\/p>\n<div id=\"lb-8\" class=\"lb\"><a href=\"#_\"><img decoding=\"async\" src=\"https:\/\/veitsweb.ddns.net\/wp-content\/uploads\/sites\/2\/2026\/03\/IMG_20230403_170126-1-1024x473-22.jpg\" alt=\"\"><\/a><\/div><figcaption>\n<p>M\u00e9nez Ham<\/p>\n<\/figcaption><\/figure>\n<figure>\n<p><a href=\"#lb-9\"><img decoding=\"async\" src=\"https:\/\/veitsweb.ddns.net\/wp-content\/uploads\/sites\/2\/2026\/03\/IMG-20230819-WA0004-1024x768-22.jpg\" alt=\"\" style=\"max-width:100%;height:auto;display:block;cursor:zoom-in;\"><\/a><\/p>\n<div id=\"lb-9\" class=\"lb\"><a href=\"#_\"><img decoding=\"async\" src=\"https:\/\/veitsweb.ddns.net\/wp-content\/uploads\/sites\/2\/2026\/03\/IMG-20230819-WA0004-1024x768-22.jpg\" alt=\"\"><\/a><\/div><figcaption>\n<p>Coucher de soleil \u00e0 Keremma<\/p>\n<\/figcaption><\/figure>\n<\/figure>\n<h3>La maison<\/h3>\n<p>Avec une surface habitable de 95m\u00b2 sur 2 \u00e9tages, la maison est id\u00e9ale pour accueillir 5 personnes. L&#8217;un des canap\u00e9s du salon \u00e9tant convertible, elle peut m\u00eame en principe h\u00e9berger jusqu&#8217;\u00e0 7 personnes.<\/p>\n<figure style=\"display:grid;grid-template-columns:repeat(3,1fr);gap:1.5em;align-items:start;margin:1.5em 0;\">\n<figure>\n<p><a href=\"#lb-10\"><img decoding=\"async\" src=\"https:\/\/veitsweb.ddns.net\/wp-content\/uploads\/sites\/2\/2026\/03\/IMG_20230517_175535-1-1024x473-22.jpg\" alt=\"\" style=\"max-width:100%;height:auto;display:block;cursor:zoom-in;\"><\/a><\/p>\n<div id=\"lb-10\" class=\"lb\"><a href=\"#_\"><img decoding=\"async\" src=\"https:\/\/veitsweb.ddns.net\/wp-content\/uploads\/sites\/2\/2026\/03\/IMG_20230517_175535-1-1024x473-22.jpg\" alt=\"\"><\/a><\/div><figcaption>\n<p>Salon de jardin<\/p>\n<\/figcaption><\/figure>\n<figure>\n<p><a href=\"#lb-11\"><img decoding=\"async\" src=\"https:\/\/veitsweb.ddns.net\/wp-content\/uploads\/sites\/2\/2026\/03\/IMG_20230409_120744-1-1024x473-23.jpg\" alt=\"\" style=\"max-width:100%;height:auto;display:block;cursor:zoom-in;\"><\/a><\/p>\n<div id=\"lb-11\" class=\"lb\"><a href=\"#_\"><img decoding=\"async\" src=\"https:\/\/veitsweb.ddns.net\/wp-content\/uploads\/sites\/2\/2026\/03\/IMG_20230409_120744-1-1024x473-23.jpg\" alt=\"\"><\/a><\/div><figcaption>\n<p>La maison<\/p>\n<\/figcaption><\/figure>\n<figure>\n<p><a href=\"#lb-12\"><img decoding=\"async\" src=\"https:\/\/veitsweb.ddns.net\/wp-content\/uploads\/sites\/2\/2026\/03\/IMG_20230409_120815-1-1024x473-22.jpg\" alt=\"\" style=\"max-width:100%;height:auto;display:block;cursor:zoom-in;\"><\/a><\/p>\n<div id=\"lb-12\" class=\"lb\"><a href=\"#_\"><img decoding=\"async\" src=\"https:\/\/veitsweb.ddns.net\/wp-content\/uploads\/sites\/2\/2026\/03\/IMG_20230409_120815-1-1024x473-22.jpg\" alt=\"\"><\/a><\/div><figcaption>\n<p>Vue de l&#8217;arri\u00e8re<\/p>\n<\/figcaption><\/figure>\n<\/figure>\n<p>Rez-de-chauss\u00e9e:<\/p>\n<ul>\n<li>\n<p>Salon lumineux (disposant de 3 grandes fen\u00eatres, il b\u00e9n\u00e9ficie en outre de la lumi\u00e8re traversante de la cuisine ouverte) comprenant 2 canap\u00e9s (dont un convertible en lit 2 places), un petit fauteuil, une table basse, une table pouvant servir de bureau et une grande table \u00e9quip\u00e9e de 6 chaises (rallonge et chaises disponibles dans le garage pour accueillir jusqu&#8217;\u00e0 10 personnes) ; Internet \/ Wi-Fi disponibles ; ordinateur avec \u00e9cran pour visionner des vid\u00e9os en streaming (pas de t\u00e9l\u00e9viseur classique ou d&#8217;antenne terrestre).<\/p>\n<\/li>\n<li>\n<p>Cuisine ouverte \u00e9quip\u00e9e (cuisini\u00e8re \u00e0 gaz, four \u00e9lectrique, four micro-ondes, r\u00e9frig\u00e9rateur avec 3 compartiments cong\u00e9lateur, lave-vaisselle, cuit-vapeur, mixeur plongeant, fouet \u00e9lectrique, cafeti\u00e8re \u00e9lectrique, bouilloire \u00e9lectrique, etc.).<\/p>\n<\/li>\n<li>\n<p>Un WC s\u00e9par\u00e9 dans l&#8217;entr\u00e9e<\/p>\n<\/li>\n<\/ul>\n<figure style=\"display:grid;grid-template-columns:repeat(3,1fr);gap:1.5em;align-items:start;margin:1.5em 0;\">\n<figure>\n<p><a href=\"#lb-13\"><img decoding=\"async\" src=\"https:\/\/veitsweb.ddns.net\/wp-content\/uploads\/sites\/2\/2026\/03\/IMG_20230518_114834-1-1024x473-22.jpg\" alt=\"\" style=\"max-width:100%;height:auto;display:block;cursor:zoom-in;\"><\/a><\/p>\n<div id=\"lb-13\" class=\"lb\"><a href=\"#_\"><img decoding=\"async\" src=\"https:\/\/veitsweb.ddns.net\/wp-content\/uploads\/sites\/2\/2026\/03\/IMG_20230518_114834-1-1024x473-22.jpg\" alt=\"\"><\/a><\/div><figcaption>\n<p>Table \u00e0 manger<\/p>\n<\/figcaption><\/figure>\n<figure>\n<p><a href=\"#lb-14\"><img decoding=\"async\" src=\"https:\/\/veitsweb.ddns.net\/wp-content\/uploads\/sites\/2\/2026\/03\/IMG_20230518_101707-1-1024x473-22.jpg\" alt=\"\" style=\"max-width:100%;height:auto;display:block;cursor:zoom-in;\"><\/a><\/p>\n<div id=\"lb-14\" class=\"lb\"><a href=\"#_\"><img decoding=\"async\" src=\"https:\/\/veitsweb.ddns.net\/wp-content\/uploads\/sites\/2\/2026\/03\/IMG_20230518_101707-1-1024x473-22.jpg\" alt=\"\"><\/a><\/div><figcaption>\n<p>Cuisine<\/p>\n<\/figcaption><\/figure>\n<figure>\n<p><a href=\"#lb-15\"><img decoding=\"async\" src=\"https:\/\/veitsweb.ddns.net\/wp-content\/uploads\/sites\/2\/2026\/03\/IMG_20230518_101647-1-1024x473-22.jpg\" alt=\"\" style=\"max-width:100%;height:auto;display:block;cursor:zoom-in;\"><\/a><\/p>\n<div id=\"lb-15\" class=\"lb\"><a href=\"#_\"><img decoding=\"async\" src=\"https:\/\/veitsweb.ddns.net\/wp-content\/uploads\/sites\/2\/2026\/03\/IMG_20230518_101647-1-1024x473-22.jpg\" alt=\"\"><\/a><\/div><figcaption>\n<p>Table \u00e0 mangerr<\/p>\n<\/figcaption><\/figure>\n<figure>\n<p><a href=\"#lb-16\"><img decoding=\"async\" src=\"https:\/\/veitsweb.ddns.net\/wp-content\/uploads\/sites\/2\/2026\/03\/IMG_20230518_101659-1-1024x473-22.jpg\" alt=\"\" style=\"max-width:100%;height:auto;display:block;cursor:zoom-in;\"><\/a><\/p>\n<div id=\"lb-16\" class=\"lb\"><a href=\"#_\"><img decoding=\"async\" src=\"https:\/\/veitsweb.ddns.net\/wp-content\/uploads\/sites\/2\/2026\/03\/IMG_20230518_101659-1-1024x473-22.jpg\" alt=\"\"><\/a><\/div><figcaption>\n<p>Cuisine<\/p>\n<\/figcaption><\/figure>\n<figure>\n<p><a href=\"#lb-17\"><img decoding=\"async\" src=\"https:\/\/veitsweb.ddns.net\/wp-content\/uploads\/sites\/2\/2026\/03\/IMG_20230517_184434-1-1024x473-22.jpg\" alt=\"\" style=\"max-width:100%;height:auto;display:block;cursor:zoom-in;\"><\/a><\/p>\n<div id=\"lb-17\" class=\"lb\"><a href=\"#_\"><img decoding=\"async\" src=\"https:\/\/veitsweb.ddns.net\/wp-content\/uploads\/sites\/2\/2026\/03\/IMG_20230517_184434-1-1024x473-22.jpg\" alt=\"\"><\/a><\/div><figcaption>\n<p>Table-bureau<\/p>\n<\/figcaption><\/figure>\n<figure>\n<p><a href=\"#lb-18\"><img decoding=\"async\" src=\"https:\/\/veitsweb.ddns.net\/wp-content\/uploads\/sites\/2\/2026\/03\/IMG_20230517_184427-1-1024x473-22.jpg\" alt=\"\" style=\"max-width:100%;height:auto;display:block;cursor:zoom-in;\"><\/a><\/p>\n<div id=\"lb-18\" class=\"lb\"><a href=\"#_\"><img decoding=\"async\" src=\"https:\/\/veitsweb.ddns.net\/wp-content\/uploads\/sites\/2\/2026\/03\/IMG_20230517_184427-1-1024x473-22.jpg\" alt=\"\"><\/a><\/div><figcaption>\n<p>Salon<\/p>\n<\/figcaption><\/figure>\n<\/figure>\n<p>\u00c9tage:<\/p>\n<ul>\n<li>\n<p>Une chambre pour deux personnes (grand lit double 1,80m x 2m)<\/p>\n<\/li>\n<li>\n<p>Une chambre \u00e9quip\u00e9e de deux lits une place<\/p>\n<\/li>\n<li>\n<p>Un bureau ou petite chambre avec un lit une place suppl\u00e9mentaire.<\/p>\n<\/li>\n<li>\n<p>Une salle-de-bain \u00e9quip\u00e9e d&#8217;une baignoire-douche et d&#8217;un WC.<\/p>\n<\/li>\n<\/ul>\n<figure style=\"display:grid;grid-template-columns:repeat(3,1fr);gap:1.5em;align-items:start;margin:1.5em 0;\">\n<figure>\n<p><a href=\"#lb-19\"><img decoding=\"async\" src=\"https:\/\/veitsweb.ddns.net\/wp-content\/uploads\/sites\/2\/2026\/03\/IMG_20230518_102420-1-1024x473-22.jpg\" alt=\"\" style=\"max-width:100%;height:auto;display:block;cursor:zoom-in;\"><\/a><\/p>\n<div id=\"lb-19\" class=\"lb\"><a href=\"#_\"><img decoding=\"async\" src=\"https:\/\/veitsweb.ddns.net\/wp-content\/uploads\/sites\/2\/2026\/03\/IMG_20230518_102420-1-1024x473-22.jpg\" alt=\"\"><\/a><\/div><figcaption>\n<p>chambre 1 : grand lit<\/p>\n<\/figcaption><\/figure>\n<figure>\n<p><a href=\"#lb-20\"><img decoding=\"async\" src=\"https:\/\/veitsweb.ddns.net\/wp-content\/uploads\/sites\/2\/2026\/03\/IMG_20230518_102408-1-1024x473-22.jpg\" alt=\"\" style=\"max-width:100%;height:auto;display:block;cursor:zoom-in;\"><\/a><\/p>\n<div id=\"lb-20\" class=\"lb\"><a href=\"#_\"><img decoding=\"async\" src=\"https:\/\/veitsweb.ddns.net\/wp-content\/uploads\/sites\/2\/2026\/03\/IMG_20230518_102408-1-1024x473-22.jpg\" alt=\"\"><\/a><\/div><figcaption>\n<p>chambre 2 : lits jumeaux<\/p>\n<\/figcaption><\/figure>\n<figure>\n<p><a href=\"#lb-21\"><img decoding=\"async\" src=\"https:\/\/veitsweb.ddns.net\/wp-content\/uploads\/sites\/2\/2026\/03\/IMG_20230517_165606-1-1024x473-11.jpg\" alt=\"\" style=\"max-width:100%;height:auto;display:block;cursor:zoom-in;\"><\/a><\/p>\n<div id=\"lb-21\" class=\"lb\"><a href=\"#_\"><img decoding=\"async\" src=\"https:\/\/veitsweb.ddns.net\/wp-content\/uploads\/sites\/2\/2026\/03\/IMG_20230517_165606-1-1024x473-11.jpg\" alt=\"\"><\/a><\/div><figcaption>\n<p>chambre 2 : commode<\/p>\n<\/figcaption><\/figure>\n<figure>\n<p><a href=\"#lb-22\"><img decoding=\"async\" src=\"https:\/\/veitsweb.ddns.net\/wp-content\/uploads\/sites\/2\/2026\/03\/IMG_20230518_082820-1-1024x473-23.jpg\" alt=\"\" style=\"max-width:100%;height:auto;display:block;cursor:zoom-in;\"><\/a><\/p>\n<div id=\"lb-22\" class=\"lb\"><a href=\"#_\"><img decoding=\"async\" src=\"https:\/\/veitsweb.ddns.net\/wp-content\/uploads\/sites\/2\/2026\/03\/IMG_20230518_082820-1-1024x473-23.jpg\" alt=\"\"><\/a><\/div><figcaption>\n<p>chambre 3 : un lit<\/p>\n<\/figcaption><\/figure>\n<figure>\n<p><a href=\"#lb-23\"><img decoding=\"async\" src=\"https:\/\/veitsweb.ddns.net\/wp-content\/uploads\/sites\/2\/2026\/03\/IMG_20230518_082903-1-1024x473-23.jpg\" alt=\"\" style=\"max-width:100%;height:auto;display:block;cursor:zoom-in;\"><\/a><\/p>\n<div id=\"lb-23\" class=\"lb\"><a href=\"#_\"><img decoding=\"async\" src=\"https:\/\/veitsweb.ddns.net\/wp-content\/uploads\/sites\/2\/2026\/03\/IMG_20230518_082903-1-1024x473-23.jpg\" alt=\"\"><\/a><\/div><figcaption>\n<p>salle-de-bain<\/p>\n<\/figcaption><\/figure>\n<\/figure>\n<ul>\n<li>\n<p>Une machine \u00e0 laver \u00e9quip\u00e9e d&#8217;une fonction s\u00e8che-linge<\/p>\n<\/li>\n<li>\n<p>Un salon de jardin avec 6 chaises et parasol<\/p>\n<\/li>\n<li>\n<p>Deux fauteuils de camping confortables<\/p>\n<\/li>\n<li>\n<p>Un barbecue \u00e0 gaz<\/p>\n<\/li>\n<li>\n<p>Un v\u00e9lo de 26 pouces<\/p>\n<\/li>\n<li>\n<p>3 bodyboards et plusieurs combinaisons n\u00e9opr\u00e8nes taille enfant (attention, pas de serviettes de plage disponibles)<\/p>\n<\/li>\n<\/ul>\n<p>En principe, il est possible de garer jusqu&#8217;\u00e0 5 voitures devant la maison.<\/p>\n<p>Le terrain \u00e0 l&#8217;avant et \u00e0 l&#8217;arri\u00e8re de la maison a une superficie totale d&#8217;environ 900m\u00b2. Il est cl\u00f4tur\u00e9, sur un c\u00f4t\u00e9, par un mur, mais aussi par des haies (pas de cl\u00f4ture ou grille sur l&#8217;avant).<\/p>\n<p>Il est possible de se procurer du lait frais \u00e0 la ferme voisine.<\/p>\n<h3>Le lieu<\/h3>\n<p>La maison se situe dans la commune de Tr\u00e9flez.<\/p>\n<p><a href=\"https:\/\/www.google.de\/maps\/place\/Ferienhaus+Goulannou\/@48.6262559,-4.2624737,19z\/data=!3m1!4b1!4m6!3m5!1s0x4816abab57fcbc25:0xbb2969ffa7c233a6!8m2!3d48.626255!4d-4.26183!16s%2Fg%2F11svdf_f_w?entry=ttu\">Google Maps<\/a><\/p>\n<h3>Nous contacter<\/h3>\n<p>Veuillez prendre contact avec nous pour tout renseignement ou r\u00e9servation.<\/p>\n<p>Nous pouvons r\u00e9pondre \u00e0 toutes les questions que vous pourriez vous poser, avant et pendant votre s\u00e9jour, dans les langues suivantes : fran\u00e7ais, allemand, anglais et espagnol. De plus, \u00e0 votre arriv\u00e9e, vous trouverez un guide d&#8217;utilisation de la maison en fran\u00e7ais et en allemand.<\/p>\n<form action=\"https:\/\/veitsweb.ddns.net\/keremma\/wp-comments-post.php\" method=\"post\" style=\"max-width:480px;margin:1.5em 0;\">\n<input type=\"hidden\" name=\"redirect_to\" value=\"https:\/\/veitsweb.ddns.net\/keremma\/fr\/\"><br \/>\n<input type=\"hidden\" name=\"comment_post_ID\" value=\"53\"><br \/>\n<input type=\"hidden\" name=\"comment_parent\" value=\"0\"><\/p>\n<p style=\"margin:0 0 1em;\">\n<label for=\"cf-author\" style=\"display:block;font-weight:600;margin-bottom:.3em;\">Nom *<\/label><br \/>\n<input type=\"text\" id=\"cf-author\" name=\"author\" required style=\"width:100%;padding:.5em .7em;border:1px solid #ccc;border-radius:4px;box-sizing:border-box;font-size:1em;\">\n<\/p>\n<p style=\"margin:0 0 1em;\">\n<label for=\"cf-email\" style=\"display:block;font-weight:600;margin-bottom:.3em;\">E-mail *<\/label><br \/>\n<input type=\"email\" id=\"cf-email\" name=\"email\" required style=\"width:100%;padding:.5em .7em;border:1px solid #ccc;border-radius:4px;box-sizing:border-box;font-size:1em;\">\n<\/p>\n<p style=\"margin:0 0 1.2em;\">\n<label for=\"cf-comment\" style=\"display:block;font-weight:600;margin-bottom:.3em;\">Message *<\/label><br \/>\n<textarea id=\"cf-comment\" name=\"comment\" rows=\"6\" required style=\"width:100%;padding:.5em .7em;border:1px solid #ccc;border-radius:4px;box-sizing:border-box;font-size:1em;resize:vertical;\"><\/textarea>\n<\/p>\n<p style=\"margin:0;\">\n<button type=\"submit\" name=\"submit\" value=\"Envoyer\" style=\"background:#0073aa;color:#fff;border:none;padding:.6em 1.8em;border-radius:4px;cursor:pointer;font-size:1em;\">Envoyer<\/button>\n<\/p>\n<\/form>\n<p><a href=\"https:\/\/www.homeexchange.com\/homes\/view\/2667770\">Aussi disponible sur HomeExchange avec calendrier de disponibilit\u00e9 consultable.<\/a><\/p>\n<h2>Nous serons ravis de vous accueillir chez nous.<\/h2>\n","protected":false},"excerpt":{"rendered":"<p>Vacances en Bretagne Notre maison Notre maison se trouve \u00e0 seulement 3,5km de la mer, derri\u00e8re les dunes de Keremma, \u00e0 Tr\u00e9flez (Finist\u00e8re Nord). Nous l&#8217;avons achet\u00e9e r\u00e9cemment afin d&#8217;avoir un pied-\u00e0-terre pr\u00e8s de la branche bretonne de notre famille. Lumineuse et fonctionnelle, elle est parfaite pour des vacances en famille, en couple ou entre [&hellip;]<\/p>\n","protected":false},"author":1,"featured_media":0,"parent":0,"menu_order":3,"comment_status":"open","ping_status":"closed","template":"","meta":{"footnotes":""},"class_list":["post-53","page","type-page","status-publish","hentry"],"_links":{"self":[{"href":"https:\/\/veitsweb.ddns.net\/keremma\/wp-json\/wp\/v2\/pages\/53","targetHints":{"allow":["GET"]}}],"collection":[{"href":"https:\/\/veitsweb.ddns.net\/keremma\/wp-json\/wp\/v2\/pages"}],"about":[{"href":"https:\/\/veitsweb.ddns.net\/keremma\/wp-json\/wp\/v2\/types\/page"}],"author":[{"embeddable":true,"href":"https:\/\/veitsweb.ddns.net\/keremma\/wp-json\/wp\/v2\/users\/1"}],"replies":[{"embeddable":true,"href":"https:\/\/veitsweb.ddns.net\/keremma\/wp-json\/wp\/v2\/comments?post=53"}],"version-history":[{"count":18,"href":"https:\/\/veitsweb.ddns.net\/keremma\/wp-json\/wp\/v2\/pages\/53\/revisions"}],"predecessor-version":[{"id":583,"href":"https:\/\/veitsweb.ddns.net\/keremma\/wp-json\/wp\/v2\/pages\/53\/revisions\/583"}],"wp:attachment":[{"href":"https:\/\/veitsweb.ddns.net\/keremma\/wp-json\/wp\/v2\/media?parent=53"}],"curies":[{"name":"wp","href":"https:\/\/api.w.org\/{rel}","templated":true}]}}