{"id":55,"date":"2026-03-24T18:05:40","date_gmt":"2026-03-24T18:05:40","guid":{"rendered":"https:\/\/veitsweb.ddns.net\/keremma\/protection-des-donnees\/"},"modified":"2026-03-26T14:24:51","modified_gmt":"2026-03-26T14:24:51","slug":"protection-des-donnees","status":"publish","type":"page","link":"https:\/\/veitsweb.ddns.net\/keremma\/protection-des-donnees\/","title":{"rendered":"Protection des donn\u00e9es"},"content":{"rendered":"<h2>Qu&#8217;est-ce que c&#8217;est et qui suis-je?<\/h2>\n<p>Mes Pages ont pour objective de donner acc\u00e8s \u00e0 notre maison qu&#8217;on propose \u00e0 louer et \u00e0 un arbre g\u00e9n\u00e9alogique pour acc\u00e9der dans le cadre de ma famille.<\/p>\n<p><a href=\"https:\/\/vacances-goulannou.veitsspace.de\">Location de notre maison de vacance<\/a>:<br \/>\nCette d\u00e9claration de protection de donn\u00e9es est Datenschutzerkl\u00e4rung bezieht sich auf die folgende Seite: https:\/\/vacances-goulannou.veitsspace.de<\/p>\n<p><a href=\"https:\/\/www.veitsspace.de\">Pages li\u00e9es \u00e0 l&#8217;Arbre G\u00e9n\u00e9alogique<\/a>:<\/p>\n<p>Cette page est un site priv\u00e9 prot\u00e9g\u00e9 par mot de passe. Tout contenu, l&#8217;arbre g\u00e9n\u00e9alogique n&#8217;est accessible avec un utilisateur et un mot de passe. Ce login et mot de passe peu \u00eatre g\u00e9n\u00e9r\u00e9s par moi. Les donn\u00e9es de cet arbre g\u00e9n\u00e9alogique ne doit mis \u00e0 disposition au tiers. L&#8217;adresse de ce site est: https:\/\/www.veitsspace.de<\/p>\n<h2>Commentaires<\/h2>\n<p>Lorsque les visiteurs \u00e9crivent des commentaires sur le site Web, nous collectons les donn\u00e9es affich\u00e9es dans le formulaire de commentaire, ainsi que l&#8217;adresse IP du visiteur et la cha\u00eene de l&#8217;agent utilisateur (utilis\u00e9e pour identifier le navigateur) afin de prendre en charge la d\u00e9tection de spam.<\/p>\n<p>Une cha\u00eene de caract\u00e8res anonymis\u00e9e (\u00e9galement appel\u00e9 &#8220;Hash&#8221;) peut \u00eatre cr\u00e9\u00e9e \u00e0 partir de votre adresse e-mail et envoy\u00e9e au service Gravatar pour v\u00e9rifier si vous l&#8217;utilisez. Vous pouvez trouver la d\u00e9claration de protection des donn\u00e9es du service Gravatar ici: https:\/\/automattic.com\/privacy\/. Une fois votre commentaire approuv\u00e9, votre photo de profil est visible publiquement dans le contexte de votre commentaire.<\/p>\n<h2>Media<\/h2>\n<p>Si vous \u00eates un utilisateur enregistr\u00e9 et que vous t\u00e9l\u00e9chargez des photos sur ce site Web, vous devez \u00e9viter de t\u00e9l\u00e9charger des photos avec une localisation GPS EXIF. Les visiteurs de ce site Web peuvent t\u00e9l\u00e9charger des photos stock\u00e9es sur ce site Web et extraire leurs informations de localisation.<\/p>\n<h2>Cookies<\/h2>\n<p>Si vous \u00e9crivez un commentaire sur notre site Web, cela peut \u00eatre un consentement \u00e0 enregistrer votre nom, votre adresse \u00e9lectronique et votre site Web dans des cookies. Il s&#8217;agit d&#8217;une fonction pratique pour que vous n&#8217;ayez pas \u00e0 ressaisir toutes ces donn\u00e9es si vous \u00e9crivez un autre commentaire. Ces cookies sont conserv\u00e9s pendant un an.<\/p>\n<p>Si vous avez un compte et que vous vous connectez \u00e0 ce site Web, nous installerons un cookie temporaire pour d\u00e9terminer si votre navigateur accepte les cookies. Ce cookie ne contient aucune donn\u00e9e personnelle et est supprim\u00e9 lorsque vous fermez votre navigateur.<\/p>\n<p>Lorsque vous vous connectez, nous installerons des cookies pour enregistrer vos informations de connexion et vos options d&#8217;affichage. Les cookies de connexion expirent au bout de deux jours et les cookies pour les options d&#8217;affichage apr\u00e8s un an. Si vous s\u00e9lectionnez \u00abRester connect\u00e9\u00bb lors de votre inscription, votre inscription sera maintenue pendant deux semaines. Lorsque vous vous d\u00e9connectez de votre compte, les cookies de connexion sont supprim\u00e9s.<\/p>\n<p>Lorsque vous modifiez ou publiez un article, un cookie suppl\u00e9mentaire est enregistr\u00e9 dans votre navigateur. Ce cookie ne contient aucune donn\u00e9e personnelle et se r\u00e9f\u00e8re uniquement \u00e0 l&#8217;identifiant de publication de l&#8217;article que vous venez de modifier. Le cookie expire au bout d&#8217;un jour.<\/p>\n<h2>Contenu int\u00e9gr\u00e9 d&#8217;autres sites Web<\/h2>\n<p>Les articles de ce site Web peuvent contenir du contenu int\u00e9gr\u00e9 (par exemple des vid\u00e9os, des images, des articles, etc.). Le contenu int\u00e9gr\u00e9 d&#8217;autres sites Web se comporte exactement comme si le visiteur avait visit\u00e9 l&#8217;autre site Web.<\/p>\n<p>Ces sites Web peuvent collecter des donn\u00e9es \u00e0 votre sujet, utiliser des cookies, int\u00e9grer des services de suivi suppl\u00e9mentaires de tiers et enregistrer votre interaction avec ce contenu int\u00e9gr\u00e9, y compris votre interaction avec le contenu int\u00e9gr\u00e9, si vous avez un compte et \u00eates connect\u00e9 \u00e0 ce site Web.<\/p>\n<h2>Avec qui partageons-nous vos donn\u00e9es<\/h2>\n<p>Si vous demandez une r\u00e9initialisation de mot de passe, votre adresse IP sera incluse dans l&#8217;e-mail de r\u00e9initialisation. Vos donn\u00e9es ne seront partag\u00e9es avec personne d&#8217;autre.<\/p>\n<h2>Combien de temps nous conservons vos donn\u00e9es<\/h2>\n<p>Si vous \u00e9crivez un commentaire, il sera enregistr\u00e9 ind\u00e9finiment, y compris les m\u00e9tadonn\u00e9es. De cette fa\u00e7on, nous pouvons automatiquement reconna\u00eetre et approuver les commentaires de suivi au lieu de les conserver dans une file d&#8217;attente de mod\u00e9ration.<\/p>\n<p>Pour les utilisateurs qui s&#8217;inscrivent sur notre site Web, nous stockons \u00e9galement les informations personnelles qu&#8217;ils fournissent dans leurs profils d&#8217;utilisateurs. Tous les utilisateurs peuvent afficher, modifier ou supprimer leurs informations personnelles \u00e0 tout moment (le nom d&#8217;utilisateur ne peut pas \u00eatre modifi\u00e9). Les administrateurs du site Web peuvent \u00e9galement afficher et modifier ces informations.<\/p>\n<h2>Quels droits vous avez sur vos donn\u00e9es<\/h2>\n<p>Si vous avez un compte sur ce site Web ou avez des commentaires \u00e9crits, vous pouvez nous demander une exportation de vos donn\u00e9es personnelles, y compris toutes les donn\u00e9es que vous nous avez fournies. En outre, vous pouvez demander la suppression de toutes les donn\u00e9es personnelles que nous avons stock\u00e9es \u00e0 votre sujet. Cela n&#8217;inclut pas les donn\u00e9es que nous devons conserver pour des raisons administratives, juridiques ou de s\u00e9curit\u00e9.<\/p>\n<h2>O\u00f9 envoyons-nous vos donn\u00e9es<\/h2>\n<p>Les commentaires des visiteurs peuvent \u00eatre v\u00e9rifi\u00e9s par un service automatis\u00e9 de d\u00e9tection de spam.<\/p>\n","protected":false},"excerpt":{"rendered":"<p>Qu&#8217;est-ce que c&#8217;est et qui suis-je? Mes Pages ont pour objective de donner acc\u00e8s \u00e0 notre maison qu&#8217;on propose \u00e0 louer et \u00e0 un arbre g\u00e9n\u00e9alogique pour acc\u00e9der dans le cadre de ma famille. Location de notre maison de vacance: Cette d\u00e9claration de protection de donn\u00e9es est Datenschutzerkl\u00e4rung bezieht sich auf die folgende Seite: https:\/\/vacances-goulannou.veitsspace.de [&hellip;]<\/p>\n","protected":false},"author":1,"featured_media":0,"parent":0,"menu_order":6,"comment_status":"closed","ping_status":"closed","template":"","meta":{"footnotes":""},"class_list":["post-55","page","type-page","status-publish","hentry"],"_links":{"self":[{"href":"https:\/\/veitsweb.ddns.net\/keremma\/wp-json\/wp\/v2\/pages\/55","targetHints":{"allow":["GET"]}}],"collection":[{"href":"https:\/\/veitsweb.ddns.net\/keremma\/wp-json\/wp\/v2\/pages"}],"about":[{"href":"https:\/\/veitsweb.ddns.net\/keremma\/wp-json\/wp\/v2\/types\/page"}],"author":[{"embeddable":true,"href":"https:\/\/veitsweb.ddns.net\/keremma\/wp-json\/wp\/v2\/users\/1"}],"replies":[{"embeddable":true,"href":"https:\/\/veitsweb.ddns.net\/keremma\/wp-json\/wp\/v2\/comments?post=55"}],"version-history":[{"count":1,"href":"https:\/\/veitsweb.ddns.net\/keremma\/wp-json\/wp\/v2\/pages\/55\/revisions"}],"predecessor-version":[{"id":66,"href":"https:\/\/veitsweb.ddns.net\/keremma\/wp-json\/wp\/v2\/pages\/55\/revisions\/66"}],"wp:attachment":[{"href":"https:\/\/veitsweb.ddns.net\/keremma\/wp-json\/wp\/v2\/media?parent=55"}],"curies":[{"name":"wp","href":"https:\/\/api.w.org\/{rel}","templated":true}]}}