{"id":6,"date":"2026-03-24T18:05:22","date_gmt":"2026-03-24T18:05:22","guid":{"rendered":"https:\/\/veitsweb.ddns.net\/keremma\/urlaub-in-der-bretagne-ferienhaus-hinter-der-duene-von-keremma\/"},"modified":"2026-05-07T08:17:26","modified_gmt":"2026-05-07T08:17:26","slug":"urlaub-in-der-bretagne-ferienhaus-hinter-der-duene-von-keremma","status":"publish","type":"page","link":"https:\/\/veitsweb.ddns.net\/keremma\/","title":{"rendered":"Page d&#8217;Accueil &#8211; Homepage"},"content":{"rendered":"\n<style>.comment-form-url,#url{display:none!important}<\/style>\n<style>\nbody {\n  background-image: url(https:\/\/veitsweb.ddns.net\/wp-content\/uploads\/sites\/2\/2026\/03\/Background1-scaled-1.jpg);\n  background-size: cover;\n  background-attachment: fixed;\n  background-position: center top;\n  background-repeat: no-repeat;\n}\n<\/style>\n<div style=\"display:flex;flex-wrap:wrap;gap:3em;justify-content:center;margin:3em auto;max-width:720px;text-align:center;\">\n<div style=\"flex:1;min-width:220px;\">\n<a href=\"https:\/\/veitsweb.ddns.net\/keremma\/fr\/\" style=\"display:block;text-decoration:none;color:inherit;\"><img decoding=\"async\" src=\"https:\/\/veitsweb.ddns.net\/wp-content\/uploads\/sites\/2\/2026\/03\/42-02-047_frankreich-2-png-2.png\" alt=\"Vacances en Bretagne\" style=\"max-width:100%;height:auto;display:block;\"><strong style=\"display:block;margin-top:0.5em;font-size:1.1em;\">Vacances en Bretagne<\/strong><span style=\"font-size:0.9em;\">Le site en langue Fran\u00e7ais<\/span><\/a>\n<\/div>\n<div style=\"flex:1;min-width:220px;\">\n<a href=\"https:\/\/veitsweb.ddns.net\/keremma\/deutsch\/\" style=\"display:block;text-decoration:none;color:inherit;\"><img decoding=\"async\" src=\"https:\/\/veitsweb.ddns.net\/wp-content\/uploads\/sites\/2\/2026\/03\/42-02-036_deutschland-png-2.png\" alt=\"Urlaub in der Bretagne\" style=\"max-width:100%;height:auto;display:block;\"><strong style=\"display:block;margin-top:0.5em;font-size:1.1em;\">Urlaub in der Bretagne<\/strong><span style=\"font-size:0.9em;\">Seite auf Deutscher Sprache<\/span><\/a>\n<\/div>\n<\/div>\n<p style=\"text-align:center;margin-top:2em;\">\n<a href=\"https:\/\/stammbaum-arbregenealogique.ddns.net\/\">Pour acc\u00e9der \u00e0 l&#8217;arbre g\u00e9n\u00e9alogique familles Guillerm &amp; Vonhof par ici !<\/a><br>\n<a href=\"https:\/\/stammbaum-arbregenealogique.ddns.net\/\">Zugang zum Stammbaum der Familien Guillerm &amp; Vonhof hier entlang!<\/a>\n<\/p>\n\n","protected":false},"excerpt":{"rendered":"<p>Vacances en BretagneLe site en langue Fran\u00e7ais Urlaub in der BretagneSeite auf Deutscher Sprache Pour acc\u00e9der \u00e0 l&#8217;arbre g\u00e9n\u00e9alogique familles Guillerm &amp; Vonhof par ici ! Zugang zum Stammbaum der Familien Guillerm &amp; Vonhof hier entlang!<\/p>\n","protected":false},"author":1,"featured_media":0,"parent":0,"menu_order":1,"comment_status":"open","ping_status":"closed","template":"","meta":{"footnotes":""},"class_list":["post-6","page","type-page","status-publish","hentry"],"_links":{"self":[{"href":"https:\/\/veitsweb.ddns.net\/keremma\/wp-json\/wp\/v2\/pages\/6","targetHints":{"allow":["GET"]}}],"collection":[{"href":"https:\/\/veitsweb.ddns.net\/keremma\/wp-json\/wp\/v2\/pages"}],"about":[{"href":"https:\/\/veitsweb.ddns.net\/keremma\/wp-json\/wp\/v2\/types\/page"}],"author":[{"embeddable":true,"href":"https:\/\/veitsweb.ddns.net\/keremma\/wp-json\/wp\/v2\/users\/1"}],"replies":[{"embeddable":true,"href":"https:\/\/veitsweb.ddns.net\/keremma\/wp-json\/wp\/v2\/comments?post=6"}],"version-history":[{"count":6,"href":"https:\/\/veitsweb.ddns.net\/keremma\/wp-json\/wp\/v2\/pages\/6\/revisions"}],"predecessor-version":[{"id":586,"href":"https:\/\/veitsweb.ddns.net\/keremma\/wp-json\/wp\/v2\/pages\/6\/revisions\/586"}],"wp:attachment":[{"href":"https:\/\/veitsweb.ddns.net\/keremma\/wp-json\/wp\/v2\/media?parent=6"}],"curies":[{"name":"wp","href":"https:\/\/api.w.org\/{rel}","templated":true}]}}