{"id":5,"date":"2026-03-24T18:05:50","date_gmt":"2026-03-24T18:05:50","guid":{"rendered":"https:\/\/veitsweb.ddns.net\/motorschirm\/ultraleichtfliegen-mit-einem-motorschirm\/"},"modified":"2026-03-26T14:21:50","modified_gmt":"2026-03-26T14:21:50","slug":"ultraleichtfliegen-mit-einem-motorschirm","status":"publish","type":"page","link":"https:\/\/veitsweb.ddns.net\/motorschirm\/","title":{"rendered":"Das Buch:"},"content":{"rendered":"<p>ISBN 978-3-00-025292-1<\/p>\n<p><img decoding=\"async\" alt=\"\" src=\"https:\/\/veitsweb.ddns.net\/wp-content\/uploads\/sites\/3\/2026\/03\/Deckblatt-1-769x1024-2.jpg\" \/><\/p>\n<p>Das Lehrbuch in der 10. Auflage wendet sich speziell an den zuk\u00fcnftigen Motorschirmpiloten, der mit einem Rucksackmotor oder mit einem Trike oder Flyke fliegen will und die daf\u00fcr notwendige Pr\u00fcfung zur Sportpiloten-Lizenz (SPL) f\u00fcr leichte Luftsportger\u00e4te (LL) ablegen m\u00f6chte. Das Buch enth\u00e4lt umfassenden Lehrstoff zu allen Themen und Besonderheiten des Motorschirmfliegens. Es basiert auf den jahrelangen Erfahrungen des Autors als Motorschirmpilot. In dem Lehrbuch wird auf alle Fragen des zurzeit g\u00fcltigen Fragenkataloges vom Deutschen Ultraleichtflugverband e.V. (DULV) eingegangen. Der Flugsch\u00fcler findet hier in einem einzigen Buch alles das, was er zur Pr\u00fcfungsvorbereitung braucht, untersetzt mit vielen Praxis-Tipps und Beispielen. Viele Flugschulen bauen ihren Unterricht auf diesem Lehrbuch auf.<\/p>\n<p>Am Ende des Buches befindet sich eine \u00dcbersicht \u00fcber Rucksackmotoren und Trikes sowie eine Liste der Flugschulen. Bei \u00c4nderungen der Gesetzlichkeiten oder des Fragenkataloges erfolgt umgehend eine Anpassung. Die \u00c4nderungen bis Februar 2021 sind eingearbeitet. Kurzfristige \u00c4nderungen werden hier ver\u00f6ffentlicht.<\/p>\n<p>Damit man gut mit dem Fragenkatalog arbeiten kann, sind in dem Text hervorgehobene Anmerkungen (z.B. L122 = Luftrecht Frage 122) eingef\u00fcgt, die sich auf das Kapitel und die Fragennummer des Fragenkataloges beziehen. Beim Studieren kann dann gleichzeitig die dazu geh\u00f6rende Frage aus dem Fragenkatalog aufgeschlagen werden. Oder wenn mit dem Fragenkatalog gearbeitet wird, kann bei Unsicherheit im Wissen an der betreffenden Stelle im Lehrbuch nachgelesen werden. Am Ende des Buches befindet sich daf\u00fcr ein Fragenindex mit der Fundstelle im Text.<\/p>\n<p>Mit diesem Buch und einer intensiven Pr\u00fcfungsvorbereitung ist eine erfolgreiche theoretische Pr\u00fcfung gew\u00e4hrleistet. Im praktischen Teil hilft es, den Gleitschirm mit dem Motor sicher auf dem Boden und in der Luft zu beherrschen.<\/p>\n<p>Das Buch ist A5 gro\u00df, broschiert, hat 265 Seiten mit 155 farbigen Abbildungen und Zeichnungen.<\/p>\n<p>Vergleichbare Lehrb\u00fccher wie Ultraleichtfliegen oder Motorflug behandeln nicht die Spezifik eines Gleitschirms. Im Motorflug werden die Anforderungen an einen Privatflugzeugf\u00fchrer (PPL) gelehrt. Sie gehen weit \u00fcber das Wissen f\u00fcr die Sportpiloten Lizenz (SPL) hinaus.<\/p>\n<h2>Inhalt<\/h2>\n<p>\u00dcberblick \u00fcber das Inhaltsverzeichnis<\/p>\n<p><a href=\"https:\/\/veitsweb.ddns.net\/wp-content\/uploads\/sites\/3\/2026\/03\/inhalt.pdf\">Herunterladen<\/a><\/p>\n<h2>Leseprobe<\/h2>\n<p>Kurze Leseprobe von 6 Seiten<\/p>\n<p><a href=\"https:\/\/veitsweb.ddns.net\/wp-content\/uploads\/sites\/3\/2026\/03\/leseprobe.pdf\">Herunterladen<\/a><\/p>\n<h2>\u00c4nderungen\/Berichtigungen<\/h2>\n<p><a href=\"https:\/\/veitsweb.ddns.net\/wp-content\/uploads\/sites\/3\/2026\/03\/aenderungen.pdf\">Herunterladen<\/a><\/p>\n","protected":false},"excerpt":{"rendered":"<p>ISBN 978-3-00-025292-1 Das Lehrbuch in der 10. Auflage wendet sich speziell an den zuk\u00fcnftigen Motorschirmpiloten, der mit einem Rucksackmotor oder mit einem Trike oder Flyke fliegen will und die daf\u00fcr notwendige Pr\u00fcfung zur Sportpiloten-Lizenz (SPL) f\u00fcr leichte Luftsportger\u00e4te (LL) ablegen m\u00f6chte. Das Buch enth\u00e4lt umfassenden Lehrstoff zu allen Themen und Besonderheiten des Motorschirmfliegens. Es basiert [&hellip;]<\/p>\n","protected":false},"author":1,"featured_media":0,"parent":0,"menu_order":1,"comment_status":"closed","ping_status":"closed","template":"","meta":{"footnotes":""},"class_list":["post-5","page","type-page","status-publish","hentry"],"_links":{"self":[{"href":"https:\/\/veitsweb.ddns.net\/motorschirm\/wp-json\/wp\/v2\/pages\/5","targetHints":{"allow":["GET"]}}],"collection":[{"href":"https:\/\/veitsweb.ddns.net\/motorschirm\/wp-json\/wp\/v2\/pages"}],"about":[{"href":"https:\/\/veitsweb.ddns.net\/motorschirm\/wp-json\/wp\/v2\/types\/page"}],"author":[{"embeddable":true,"href":"https:\/\/veitsweb.ddns.net\/motorschirm\/wp-json\/wp\/v2\/users\/1"}],"replies":[{"embeddable":true,"href":"https:\/\/veitsweb.ddns.net\/motorschirm\/wp-json\/wp\/v2\/comments?post=5"}],"version-history":[{"count":4,"href":"https:\/\/veitsweb.ddns.net\/motorschirm\/wp-json\/wp\/v2\/pages\/5\/revisions"}],"predecessor-version":[{"id":20,"href":"https:\/\/veitsweb.ddns.net\/motorschirm\/wp-json\/wp\/v2\/pages\/5\/revisions\/20"}],"wp:attachment":[{"href":"https:\/\/veitsweb.ddns.net\/motorschirm\/wp-json\/wp\/v2\/media?parent=5"}],"curies":[{"name":"wp","href":"https:\/\/api.w.org\/{rel}","templated":true}]}}